{"id":1134,"date":"2019-03-07T23:17:20","date_gmt":"2019-03-07T22:17:20","guid":{"rendered":"http:\/\/s775481489.online.de\/hpmehlkopf\/?page_id=1134"},"modified":"2024-09-11T21:04:21","modified_gmt":"2024-09-11T19:04:21","slug":"impressum","status":"publish","type":"page","link":"https:\/\/zahn\u00e4rzte-stendal.de\/?page_id=1134","title":{"rendered":"Impressum"},"content":{"rendered":"<div id='av_section_1'  class='avia-section av-cnd772-f264c91549c72e57303e46e57e741e5e main_color avia-section-default avia-no-border-styling  avia-builder-el-0  avia-builder-el-no-sibling  avia-bg-style-scroll container_wrap sidebar_right'  ><div class='container av-section-cont-open' ><main  role=\"main\" itemprop=\"mainContentOfPage\"  class='template-page content  av-content-small alpha units'><div class='post-entry post-entry-type-page post-entry-1134'><div class='entry-content-wrapper clearfix'>\n\n<style type=\"text\/css\" data-created_by=\"avia_inline_auto\" id=\"style-css-av-12u4ny-37fceaa3992e034e19fb434c9f0d2df1\">\n.flex_column.av-12u4ny-37fceaa3992e034e19fb434c9f0d2df1{\nborder-radius:0px 0px 0px 0px;\npadding:0px 0px 0px 0px;\n}\n<\/style>\n<div  class='flex_column av-12u4ny-37fceaa3992e034e19fb434c9f0d2df1 av_one_full  avia-builder-el-1  el_before_av_one_third  avia-builder-el-first  first flex_column_div av-zero-column-padding  '     ><style type=\"text\/css\" data-created_by=\"avia_inline_auto\" id=\"style-css-av-av_heading-06ec560ed5cace762b635e2ea38c1dbb\">\n#top .av-special-heading.av-av_heading-06ec560ed5cace762b635e2ea38c1dbb{\npadding-bottom:10px;\n}\nbody .av-special-heading.av-av_heading-06ec560ed5cace762b635e2ea38c1dbb .av-special-heading-tag .heading-char{\nfont-size:25px;\n}\n.av-special-heading.av-av_heading-06ec560ed5cace762b635e2ea38c1dbb .av-subheading{\nfont-size:15px;\n}\n<\/style>\n<div  class='av-special-heading av-av_heading-06ec560ed5cace762b635e2ea38c1dbb av-special-heading-h3  avia-builder-el-2  avia-builder-el-no-sibling '><h3 class='av-special-heading-tag '  itemprop=\"headline\"  >Impressum<\/h3><div class=\"special-heading-border\"><div class=\"special-heading-inner-border\"><\/div><\/div><\/div><\/div>\n<style type=\"text\/css\" data-created_by=\"avia_inline_auto\" id=\"style-css-av-8gdo6m-9f67c958a6e49a5eaa8035a18a9579b5\">\n.flex_column.av-8gdo6m-9f67c958a6e49a5eaa8035a18a9579b5{\nborder-radius:0px 0px 0px 0px;\npadding:0px 0px 0px 0px;\n}\n<\/style>\n<div  class='flex_column av-8gdo6m-9f67c958a6e49a5eaa8035a18a9579b5 av_one_third  avia-builder-el-3  el_after_av_one_full  el_before_av_one_third  first flex_column_div av-zero-column-padding  column-top-margin'     ><section  class='av_textblock_section av-jsz6k9eo-9389046c8a3e77ef24e286d919b63d22 '   itemscope=\"itemscope\" itemtype=\"https:\/\/schema.org\/CreativeWork\" ><div class='avia_textblock'  itemprop=\"text\" ><p><strong>Zahn\u00e4rztliche Gemeinschaftspraxis<\/strong><br \/><strong>DS Mehlkopf und Dr. Michelmann<\/strong><\/p>\n<p>Uenglinger Str. 9<br \/>39576 Hansestadt Stendal<\/p>\n<p>Telefon: 03931 \/ 589 78 28<br \/>E-Mail: info@zahnaerztin-mehlkopf.de<br \/>Internet: www.zahnaerztin-mehlkopf.de<br \/>Internet: www.zahn\u00e4rzte-stendal.de<\/p>\n<\/div><\/section><\/div>\n<style type=\"text\/css\" data-created_by=\"avia_inline_auto\" id=\"style-css-av-61a63i-9c371166949144ee335a65aac18aff54\">\n.flex_column.av-61a63i-9c371166949144ee335a65aac18aff54{\nborder-radius:0px 0px 0px 0px;\npadding:0px 0px 0px 0px;\n}\n<\/style>\n<div  class='flex_column av-61a63i-9c371166949144ee335a65aac18aff54 av_one_third  avia-builder-el-5  el_after_av_one_third  el_before_av_one_third  flex_column_div av-zero-column-padding  column-top-margin'     ><section  class='av_textblock_section av-jsz6tcnz-e61826a19dddcb4c72c1f4e2d8055961 '   itemscope=\"itemscope\" itemtype=\"https:\/\/schema.org\/CreativeWork\" ><div class='avia_textblock'  itemprop=\"text\" ><p><strong>Kammerzugeh\u00f6rigkeit:<\/strong><br \/>Zahn\u00e4rztekammer Sachsen-Anhalt<br \/>K\u00f6rperschaft des \u00f6ffentlichen Rechts<br \/>Gro\u00dfe Diesdorfer Str. 162<br \/>39110 Magdeburg<\/p>\n<\/div><\/section><\/div>\n<style type=\"text\/css\" data-created_by=\"avia_inline_auto\" id=\"style-css-av-61a63i-9c371166949144ee335a65aac18aff54\">\n.flex_column.av-61a63i-9c371166949144ee335a65aac18aff54{\nborder-radius:0px 0px 0px 0px;\npadding:0px 0px 0px 0px;\n}\n<\/style>\n<div  class='flex_column av-61a63i-9c371166949144ee335a65aac18aff54 av_one_third  avia-builder-el-7  el_after_av_one_third  el_before_av_one_half  flex_column_div av-zero-column-padding  column-top-margin'     ><section  class='av_textblock_section av-jsz6ze8b-1f52900e0698ffaae62ccb5ca342d5de '   itemscope=\"itemscope\" itemtype=\"https:\/\/schema.org\/CreativeWork\" ><div class='avia_textblock'  itemprop=\"text\" ><p><strong>Berufsbezeichnung:<\/strong><br \/>Zahnarzt (verliehen in Deutschland)<\/p>\n<p><strong>Berufsrechtliche Regelungen:<\/strong><br \/>&#8211; Zahnheilkundegesetz<br \/>&#8211; Heilberufe-Kammergesetz<br \/>&#8211; Geb\u00fchrenordnung f\u00fcr Zahn\u00e4rzte<br \/>&#8211; Berufsordnung f\u00fcr Zahn\u00e4rzte<\/p>\n<\/div><\/section><\/div>\n<style type=\"text\/css\" data-created_by=\"avia_inline_auto\" id=\"style-css-av-gmvim-27d353c22b9921ddcd57f6ebf540ed0c\">\n.flex_column.av-gmvim-27d353c22b9921ddcd57f6ebf540ed0c{\nborder-radius:0px 0px 0px 0px;\npadding:0px 0px 0px 0px;\n}\n<\/style>\n<div  class='flex_column av-gmvim-27d353c22b9921ddcd57f6ebf540ed0c av_one_half  avia-builder-el-9  el_after_av_one_third  el_before_av_one_fourth  first flex_column_div av-zero-column-padding  column-top-margin'     ><section  class='av_textblock_section av-jsz6vhfw-e445a26ad85b17d993698e3aad36aae2 '   itemscope=\"itemscope\" itemtype=\"https:\/\/schema.org\/CreativeWork\" ><div class='avia_textblock'  itemprop=\"text\" ><p><strong>Berufsrechtliche Regelungen:<\/strong><br \/><em>Amtliche Mitteilungen der Landeszahn\u00e4rztekammer<\/em><\/p>\n<p><strong>Kassenzahn\u00e4rztliche Vereinigung (zust\u00e4ndige Aufsichtsbeh\u00f6rde)<\/strong><br \/><em>Kassenzahn\u00e4rztliche Vereinigung Sachsen-Anhalt<\/em><br \/>Doctor-Eisenbart-Ring 1<br \/>39120 Magdeburg<\/p>\n<\/div><\/section><\/div>\n<style type=\"text\/css\" data-created_by=\"avia_inline_auto\" id=\"style-css-av-769fny-705b5c61ba043c0c3351dc75baa4bdc1\">\n.flex_column.av-769fny-705b5c61ba043c0c3351dc75baa4bdc1{\nborder-radius:0px 0px 0px 0px;\npadding:0px 0px 0px 0px;\n}\n<\/style>\n<div  class='flex_column av-769fny-705b5c61ba043c0c3351dc75baa4bdc1 av_one_fourth  avia-builder-el-11  el_after_av_one_half  el_before_av_one_fourth  flex_column_div av-zero-column-padding  column-top-margin'     ><p><section  class='av_textblock_section av-jsz6tcnz-e61826a19dddcb4c72c1f4e2d8055961 '   itemscope=\"itemscope\" itemtype=\"https:\/\/schema.org\/CreativeWork\" ><div class='avia_textblock'  itemprop=\"text\" ><p><strong>Verantwortlich f\u00fcr den Inhalt:<\/strong><br \/>Gudrun Mehlkopf und<br \/>Stefan Michelmann<\/p>\n<\/div><\/section><br \/>\n<section  class='av_textblock_section av-jsz6tcnz-e61826a19dddcb4c72c1f4e2d8055961 '   itemscope=\"itemscope\" itemtype=\"https:\/\/schema.org\/CreativeWork\" ><div class='avia_textblock'  itemprop=\"text\" ><p><strong>Technische Realisierung:<\/strong><br \/><em>Marcus Schubert Medien UG<\/em><br \/><a href=\"https:\/\/www.marcus-schubert.net\" target=\"_blank\" rel=\"noopener\">www.marcus-schubert.net<\/a><\/p>\n<\/div><\/section><\/p><\/div>\n<style type=\"text\/css\" data-created_by=\"avia_inline_auto\" id=\"style-css-av-769fny-705b5c61ba043c0c3351dc75baa4bdc1\">\n.flex_column.av-769fny-705b5c61ba043c0c3351dc75baa4bdc1{\nborder-radius:0px 0px 0px 0px;\npadding:0px 0px 0px 0px;\n}\n<\/style>\n<div  class='flex_column av-769fny-705b5c61ba043c0c3351dc75baa4bdc1 av_one_fourth  avia-builder-el-14  el_after_av_one_fourth  el_before_av_one_full  flex_column_div av-zero-column-padding  column-top-margin'     ><section  class='av_textblock_section av-jsz6tcnz-e61826a19dddcb4c72c1f4e2d8055961 '   itemscope=\"itemscope\" itemtype=\"https:\/\/schema.org\/CreativeWork\" ><div class='avia_textblock'  itemprop=\"text\" ><p><strong>Fotos:<\/strong><br \/><a href=\"https:\/\/www.fotograf-kuno.de\"><img loading=\"lazy\" decoding=\"async\" class=\"alignnone wp-image-1266 size-medium\" src=\"https:\/\/zahn\u00e4rzte-stendal.de\/wp-content\/uploads\/2019\/06\/Firmenlogo-Fotograf-Thomas-Kuno-1-300x221.jpg\" alt=\"\" width=\"300\" height=\"221\" srcset=\"https:\/\/zahn\u00e4rzte-stendal.de\/wp-content\/uploads\/2019\/06\/Firmenlogo-Fotograf-Thomas-Kuno-1-300x221.jpg 300w, https:\/\/zahn\u00e4rzte-stendal.de\/wp-content\/uploads\/2019\/06\/Firmenlogo-Fotograf-Thomas-Kuno-1-450x331.jpg 450w, https:\/\/zahn\u00e4rzte-stendal.de\/wp-content\/uploads\/2019\/06\/Firmenlogo-Fotograf-Thomas-Kuno-1.jpg 562w\" sizes=\"auto, (max-width: 300px) 100vw, 300px\" \/><\/a><\/p>\n<\/div><\/section><\/div>\n<style type=\"text\/css\" data-created_by=\"avia_inline_auto\" id=\"style-css-av-3ay03y-d4e18d57a7ecdfed7de6019277a76032\">\n.flex_column.av-3ay03y-d4e18d57a7ecdfed7de6019277a76032{\nborder-radius:0px 0px 0px 0px;\npadding:0px 0px 0px 0px;\n}\n<\/style>\n<div  class='flex_column av-3ay03y-d4e18d57a7ecdfed7de6019277a76032 av_one_full  avia-builder-el-16  el_after_av_one_fourth  el_before_av_one_full  first flex_column_div av-zero-column-padding  column-top-margin'     ><p>\n<style type=\"text\/css\" data-created_by=\"avia_inline_auto\" id=\"style-css-av-jsz73vam-2b0f7bb126b8808e4345d3e0f483053b\">\n#top .hr.hr-invisible.av-jsz73vam-2b0f7bb126b8808e4345d3e0f483053b{\nheight:50px;\n}\n<\/style>\n<div  class='hr av-jsz73vam-2b0f7bb126b8808e4345d3e0f483053b hr-invisible  avia-builder-el-17  el_before_av_heading  avia-builder-el-first '><span class='hr-inner '><span class=\"hr-inner-style\"><\/span><\/span><\/div><br \/>\n\n<style type=\"text\/css\" data-created_by=\"avia_inline_auto\" id=\"style-css-av-av_heading-ce6dc74d72c694dfc0c0041f9a92c7e4\">\n#top .av-special-heading.av-av_heading-ce6dc74d72c694dfc0c0041f9a92c7e4{\npadding-bottom:10px;\n}\nbody .av-special-heading.av-av_heading-ce6dc74d72c694dfc0c0041f9a92c7e4 .av-special-heading-tag .heading-char{\nfont-size:25px;\n}\n.av-special-heading.av-av_heading-ce6dc74d72c694dfc0c0041f9a92c7e4 .av-subheading{\nfont-size:15px;\n}\n<\/style>\n<div  class='av-special-heading av-av_heading-ce6dc74d72c694dfc0c0041f9a92c7e4 av-special-heading-h3  avia-builder-el-18  el_after_av_hr  avia-builder-el-last '><h3 class='av-special-heading-tag '  itemprop=\"headline\"  >Haftungsausschluss<\/h3><div class=\"special-heading-border\"><div class=\"special-heading-inner-border\"><\/div><\/div><\/div><\/p><\/div>\n<style type=\"text\/css\" data-created_by=\"avia_inline_auto\" id=\"style-css-av-3ay03y-d4e18d57a7ecdfed7de6019277a76032\">\n.flex_column.av-3ay03y-d4e18d57a7ecdfed7de6019277a76032{\nborder-radius:0px 0px 0px 0px;\npadding:0px 0px 0px 0px;\n}\n<\/style>\n<div  class='flex_column av-3ay03y-d4e18d57a7ecdfed7de6019277a76032 av_one_full  avia-builder-el-19  el_after_av_one_full  avia-builder-el-last  first flex_column_div av-zero-column-padding  column-top-margin'     ><section  class='av_textblock_section av-jsz6j2oh-057eead9734a320c51d8eb0bba287520 '   itemscope=\"itemscope\" itemtype=\"https:\/\/schema.org\/CreativeWork\" ><div class='avia_textblock'  itemprop=\"text\" ><p><strong>Haftung f\u00fcr Inhalte<\/strong><br \/>Als Diensteanbieter sind wir gem\u00e4\u00df \u00a7 7 Abs.1 TMG f\u00fcr eigene Inhalte auf diesen Seiten nach den allgemeinen Gesetzen verantwortlich. Nach \u00a7\u00a7 8 bis 10 TMG sind wir als Diensteanbieter jedoch nicht verpflichtet, \u00fcbermittelte oder gespeicherte fremde Informationen zu \u00fcberwachen oder nach Umst\u00e4nden zu forschen, die auf eine rechtswidrige T\u00e4tigkeit hinweisen. Verpflichtungen zur Entfernung oder Sperrung der Nutzung von Informationen nach den allgemeinen Gesetzen bleiben hiervon unber\u00fchrt. Eine diesbez\u00fcgliche Haftung ist jedoch erst ab dem Zeitpunkt der Kenntnis einer konkreten Rechtsverletzung m\u00f6glich. Bei Bekanntwerden von entsprechenden Rechtsverletzungen werden wir diese Inhalte umgehend entfernen.<\/p>\n<p><strong>Haftung f\u00fcr Links<\/strong><br \/>Unser Angebot enth\u00e4lt Links zu externen Webseiten Dritter, auf deren Inhalte wir keinen Einfluss haben. Deshalb k\u00f6nnen wir f\u00fcr diese fremden Inhalte auch keine Gew\u00e4hr \u00fcbernehmen. F\u00fcr die Inhalte der verlinkten Seiten ist stets der jeweilige Anbieter oder Betreiber der Seiten verantwortlich. Die verlinkten Seiten wurden zum Zeitpunkt der Verlinkung auf m\u00f6gliche Rechtsverst\u00f6\u00dfe \u00fcberpr\u00fcft. Rechtswidrige Inhalte waren zum Zeitpunkt der Verlinkung nicht erkennbar. Eine permanente inhaltliche Kontrolle der verlinkten Seiten ist jedoch ohne konkrete Anhaltspunkte einer Rechtsverletzung nicht zumutbar. Bei Bekanntwerden von Rechtsverletzungen werden wir derartige Links umgehend entfernen.<\/p>\n<p><strong>Urheberrecht<\/strong><br \/>Die durch die Seitenbetreiber erstellten Inhalte und Werke auf diesen Seiten unterliegen dem deutschen Urheberrecht. Die Vervielf\u00e4ltigung, Bearbeitung, Verbreitung und jede Art der Verwertung au\u00dferhalb der Grenzen des Urheberrechtes bed\u00fcrfen der schriftlichen Zustimmung des jeweiligen Autors bzw. Erstellers. Downloads und Kopien dieser Seite sind nur f\u00fcr den privaten, nicht kommerziellen Gebrauch gestattet. Soweit die Inhalte auf dieser Seite nicht vom Betreiber erstellt wurden, werden die Urheberrechte Dritter beachtet. Insbesondere werden Inhalte Dritter als solche gekennzeichnet. Sollten Sie trotzdem auf eine Urheberrechtsverletzung aufmerksam werden, bitten wir um einen entsprechenden Hinweis. Bei Bekanntwerden von Rechtsverletzungen werden wir derartige Inhalte umgehend entfernen.<\/p>\n<\/div><\/section><\/div><\/div><\/div><\/main><!-- close content main element --><\/div><\/div><div id='after_section_1'  class='main_color av_default_container_wrap container_wrap sidebar_right'  ><div class='container av-section-cont-open' ><div class='template-page content  av-content-small alpha units'><div class='post-entry post-entry-type-page post-entry-1134'><div class='entry-content-wrapper clearfix'>\n","protected":false},"excerpt":{"rendered":"","protected":false},"author":1,"featured_media":0,"parent":0,"menu_order":999,"comment_status":"closed","ping_status":"closed","template":"","meta":{"footnotes":""},"class_list":["post-1134","page","type-page","status-publish","hentry"],"yoast_head":"<!-- This site is optimized with the Yoast SEO plugin v26.8 - https:\/\/yoast.com\/product\/yoast-seo-wordpress\/ -->\n<title>Impressum - Zahn\u00e4rzte Stendal<\/title>\n<meta name=\"description\" content=\"Erfahren Sie in unserem Impressum alle rechtlichen Informationen rund um die Zahnarztpraxis von DS Mehlkopf und Dr. Michelmann.\" \/>\n<meta name=\"robots\" content=\"index, follow, max-snippet:-1, max-image-preview:large, max-video-preview:-1\" \/>\n<link rel=\"canonical\" href=\"https:\/\/zahn\u00e4rzte-stendal.de\/?page_id=1134\" \/>\n<meta property=\"og:locale\" content=\"de_DE\" \/>\n<meta property=\"og:type\" content=\"article\" \/>\n<meta property=\"og:title\" content=\"Impressum - Zahn\u00e4rzte Stendal\" \/>\n<meta property=\"og:description\" content=\"Erfahren Sie in unserem Impressum alle rechtlichen Informationen rund um die Zahnarztpraxis von DS Mehlkopf und Dr. Michelmann.\" \/>\n<meta property=\"og:url\" content=\"https:\/\/zahn\u00e4rzte-stendal.de\/?page_id=1134\" \/>\n<meta property=\"og:site_name\" content=\"Zahn\u00e4rzte Stendal\" \/>\n<meta property=\"article:modified_time\" content=\"2024-09-11T19:04:21+00:00\" \/>\n<meta property=\"og:image\" content=\"https:\/\/zahn\u00e4rzte-stendal.de\/wp-content\/uploads\/2019\/06\/Firmenlogo-Fotograf-Thomas-Kuno-1-300x221.jpg\" \/>\n<meta name=\"twitter:card\" content=\"summary_large_image\" \/>\n<meta name=\"twitter:label1\" content=\"Gesch\u00e4tzte Lesezeit\" \/>\n\t<meta name=\"twitter:data1\" content=\"9\u00a0Minuten\" \/>\n<script type=\"application\/ld+json\" class=\"yoast-schema-graph\">{\"@context\":\"https:\/\/schema.org\",\"@graph\":[{\"@type\":\"WebPage\",\"@id\":\"https:\/\/zahn\u00e4rzte-stendal.de\/?page_id=1134\",\"url\":\"https:\/\/zahn\u00e4rzte-stendal.de\/?page_id=1134\",\"name\":\"Impressum - Zahn\u00e4rzte Stendal\",\"isPartOf\":{\"@id\":\"https:\/\/zahn\u00e4rzte-stendal.de\/#website\"},\"datePublished\":\"2019-03-07T22:17:20+00:00\",\"dateModified\":\"2024-09-11T19:04:21+00:00\",\"description\":\"Erfahren Sie in unserem Impressum alle rechtlichen Informationen rund um die Zahnarztpraxis von DS Mehlkopf und Dr. Michelmann.\",\"breadcrumb\":{\"@id\":\"https:\/\/zahn\u00e4rzte-stendal.de\/?page_id=1134#breadcrumb\"},\"inLanguage\":\"de\",\"potentialAction\":[{\"@type\":\"ReadAction\",\"target\":[\"https:\/\/zahn\u00e4rzte-stendal.de\/?page_id=1134\"]}]},{\"@type\":\"BreadcrumbList\",\"@id\":\"https:\/\/zahn\u00e4rzte-stendal.de\/?page_id=1134#breadcrumb\",\"itemListElement\":[{\"@type\":\"ListItem\",\"position\":1,\"name\":\"Startseite\",\"item\":\"https:\/\/zahn\u00e4rzte-stendal.de\/?page_id=330\"},{\"@type\":\"ListItem\",\"position\":2,\"name\":\"Impressum\"}]},{\"@type\":\"WebSite\",\"@id\":\"https:\/\/zahn\u00e4rzte-stendal.de\/#website\",\"url\":\"https:\/\/zahn\u00e4rzte-stendal.de\/\",\"name\":\"Zahn\u00e4rzte Stendal\",\"description\":\"Gemeinschaftspraxis DS Mehlkopf und Dr. Michelmann, M.Sc.\",\"publisher\":{\"@id\":\"https:\/\/zahn\u00e4rzte-stendal.de\/#organization\"},\"potentialAction\":[{\"@type\":\"SearchAction\",\"target\":{\"@type\":\"EntryPoint\",\"urlTemplate\":\"https:\/\/zahn\u00e4rzte-stendal.de\/?s={search_term_string}\"},\"query-input\":{\"@type\":\"PropertyValueSpecification\",\"valueRequired\":true,\"valueName\":\"search_term_string\"}}],\"inLanguage\":\"de\"},{\"@type\":\"Organization\",\"@id\":\"https:\/\/zahn\u00e4rzte-stendal.de\/#organization\",\"name\":\"Gemeinschaftspraxis DS Mehlkopf und Dr. Michelmann\",\"url\":\"https:\/\/zahn\u00e4rzte-stendal.de\/\",\"logo\":{\"@type\":\"ImageObject\",\"inLanguage\":\"de\",\"@id\":\"https:\/\/zahn\u00e4rzte-stendal.de\/#\/schema\/logo\/image\/\",\"url\":\"https:\/\/zahn\u00e4rzte-stendal.de\/wp-content\/uploads\/2019\/03\/logo_homepage_2019.png\",\"contentUrl\":\"https:\/\/zahn\u00e4rzte-stendal.de\/wp-content\/uploads\/2019\/03\/logo_homepage_2019.png\",\"width\":600,\"height\":156,\"caption\":\"Gemeinschaftspraxis DS Mehlkopf und Dr. Michelmann\"},\"image\":{\"@id\":\"https:\/\/zahn\u00e4rzte-stendal.de\/#\/schema\/logo\/image\/\"}}]}<\/script>\n<!-- \/ Yoast SEO plugin. -->","yoast_head_json":{"title":"Impressum - Zahn\u00e4rzte Stendal","description":"Erfahren Sie in unserem Impressum alle rechtlichen Informationen rund um die Zahnarztpraxis von DS Mehlkopf und Dr. Michelmann.","robots":{"index":"index","follow":"follow","max-snippet":"max-snippet:-1","max-image-preview":"max-image-preview:large","max-video-preview":"max-video-preview:-1"},"canonical":"https:\/\/zahn\u00e4rzte-stendal.de\/?page_id=1134","og_locale":"de_DE","og_type":"article","og_title":"Impressum - Zahn\u00e4rzte Stendal","og_description":"Erfahren Sie in unserem Impressum alle rechtlichen Informationen rund um die Zahnarztpraxis von DS Mehlkopf und Dr. Michelmann.","og_url":"https:\/\/zahn\u00e4rzte-stendal.de\/?page_id=1134","og_site_name":"Zahn\u00e4rzte Stendal","article_modified_time":"2024-09-11T19:04:21+00:00","og_image":[{"url":"https:\/\/zahn\u00e4rzte-stendal.de\/wp-content\/uploads\/2019\/06\/Firmenlogo-Fotograf-Thomas-Kuno-1-300x221.jpg","type":"","width":"","height":""}],"twitter_card":"summary_large_image","twitter_misc":{"Gesch\u00e4tzte Lesezeit":"9\u00a0Minuten"},"schema":{"@context":"https:\/\/schema.org","@graph":[{"@type":"WebPage","@id":"https:\/\/zahn\u00e4rzte-stendal.de\/?page_id=1134","url":"https:\/\/zahn\u00e4rzte-stendal.de\/?page_id=1134","name":"Impressum - Zahn\u00e4rzte Stendal","isPartOf":{"@id":"https:\/\/zahn\u00e4rzte-stendal.de\/#website"},"datePublished":"2019-03-07T22:17:20+00:00","dateModified":"2024-09-11T19:04:21+00:00","description":"Erfahren Sie in unserem Impressum alle rechtlichen Informationen rund um die Zahnarztpraxis von DS Mehlkopf und Dr. Michelmann.","breadcrumb":{"@id":"https:\/\/zahn\u00e4rzte-stendal.de\/?page_id=1134#breadcrumb"},"inLanguage":"de","potentialAction":[{"@type":"ReadAction","target":["https:\/\/zahn\u00e4rzte-stendal.de\/?page_id=1134"]}]},{"@type":"BreadcrumbList","@id":"https:\/\/zahn\u00e4rzte-stendal.de\/?page_id=1134#breadcrumb","itemListElement":[{"@type":"ListItem","position":1,"name":"Startseite","item":"https:\/\/zahn\u00e4rzte-stendal.de\/?page_id=330"},{"@type":"ListItem","position":2,"name":"Impressum"}]},{"@type":"WebSite","@id":"https:\/\/zahn\u00e4rzte-stendal.de\/#website","url":"https:\/\/zahn\u00e4rzte-stendal.de\/","name":"Zahn\u00e4rzte Stendal","description":"Gemeinschaftspraxis DS Mehlkopf und Dr. Michelmann, M.Sc.","publisher":{"@id":"https:\/\/zahn\u00e4rzte-stendal.de\/#organization"},"potentialAction":[{"@type":"SearchAction","target":{"@type":"EntryPoint","urlTemplate":"https:\/\/zahn\u00e4rzte-stendal.de\/?s={search_term_string}"},"query-input":{"@type":"PropertyValueSpecification","valueRequired":true,"valueName":"search_term_string"}}],"inLanguage":"de"},{"@type":"Organization","@id":"https:\/\/zahn\u00e4rzte-stendal.de\/#organization","name":"Gemeinschaftspraxis DS Mehlkopf und Dr. Michelmann","url":"https:\/\/zahn\u00e4rzte-stendal.de\/","logo":{"@type":"ImageObject","inLanguage":"de","@id":"https:\/\/zahn\u00e4rzte-stendal.de\/#\/schema\/logo\/image\/","url":"https:\/\/zahn\u00e4rzte-stendal.de\/wp-content\/uploads\/2019\/03\/logo_homepage_2019.png","contentUrl":"https:\/\/zahn\u00e4rzte-stendal.de\/wp-content\/uploads\/2019\/03\/logo_homepage_2019.png","width":600,"height":156,"caption":"Gemeinschaftspraxis DS Mehlkopf und Dr. Michelmann"},"image":{"@id":"https:\/\/zahn\u00e4rzte-stendal.de\/#\/schema\/logo\/image\/"}}]}},"_links":{"self":[{"href":"https:\/\/zahn\u00e4rzte-stendal.de\/index.php?rest_route=\/wp\/v2\/pages\/1134","targetHints":{"allow":["GET"]}}],"collection":[{"href":"https:\/\/zahn\u00e4rzte-stendal.de\/index.php?rest_route=\/wp\/v2\/pages"}],"about":[{"href":"https:\/\/zahn\u00e4rzte-stendal.de\/index.php?rest_route=\/wp\/v2\/types\/page"}],"author":[{"embeddable":true,"href":"https:\/\/zahn\u00e4rzte-stendal.de\/index.php?rest_route=\/wp\/v2\/users\/1"}],"replies":[{"embeddable":true,"href":"https:\/\/zahn\u00e4rzte-stendal.de\/index.php?rest_route=%2Fwp%2Fv2%2Fcomments&post=1134"}],"version-history":[{"count":16,"href":"https:\/\/zahn\u00e4rzte-stendal.de\/index.php?rest_route=\/wp\/v2\/pages\/1134\/revisions"}],"predecessor-version":[{"id":1612,"href":"https:\/\/zahn\u00e4rzte-stendal.de\/index.php?rest_route=\/wp\/v2\/pages\/1134\/revisions\/1612"}],"wp:attachment":[{"href":"https:\/\/zahn\u00e4rzte-stendal.de\/index.php?rest_route=%2Fwp%2Fv2%2Fmedia&parent=1134"}],"curies":[{"name":"wp","href":"https:\/\/api.w.org\/{rel}","templated":true}]}}