{"id":1583,"date":"2022-03-25T12:57:36","date_gmt":"2022-03-25T11:57:36","guid":{"rendered":"https:\/\/zahn\u00e4rzte-stendal.de\/?page_id=1583"},"modified":"2022-08-24T16:10:13","modified_gmt":"2022-08-24T14:10:13","slug":"foerderungen","status":"publish","type":"page","link":"https:\/\/zahn\u00e4rzte-stendal.de\/?page_id=1583","title":{"rendered":"F\u00f6rderungen"},"content":{"rendered":"<div id='av_section_1'  class='avia-section av-cnd772-f264c91549c72e57303e46e57e741e5e main_color avia-section-default avia-no-border-styling  avia-builder-el-0  avia-builder-el-no-sibling  avia-bg-style-scroll container_wrap sidebar_right'  ><div class='container av-section-cont-open' ><main  role=\"main\" itemprop=\"mainContentOfPage\"  class='template-page content  av-content-small alpha units'><div class='post-entry post-entry-type-page post-entry-1583'><div class='entry-content-wrapper clearfix'>\n\n<style type=\"text\/css\" data-created_by=\"avia_inline_auto\" id=\"style-css-av-12u4ny-37fceaa3992e034e19fb434c9f0d2df1\">\n.flex_column.av-12u4ny-37fceaa3992e034e19fb434c9f0d2df1{\nborder-radius:0px 0px 0px 0px;\npadding:0px 0px 0px 0px;\n}\n<\/style>\n<div  class='flex_column av-12u4ny-37fceaa3992e034e19fb434c9f0d2df1 av_one_full  avia-builder-el-1  el_before_av_one_full  avia-builder-el-first  first flex_column_div av-zero-column-padding  '     ><style type=\"text\/css\" data-created_by=\"avia_inline_auto\" id=\"style-css-av-av_heading-4c5ed193f24e221b8e5a9d01b2fea88a\">\n#top .av-special-heading.av-av_heading-4c5ed193f24e221b8e5a9d01b2fea88a{\npadding-bottom:10px;\n}\nbody .av-special-heading.av-av_heading-4c5ed193f24e221b8e5a9d01b2fea88a .av-special-heading-tag .heading-char{\nfont-size:25px;\n}\n.av-special-heading.av-av_heading-4c5ed193f24e221b8e5a9d01b2fea88a .av-subheading{\nfont-size:15px;\n}\n<\/style>\n<div  class='av-special-heading av-av_heading-4c5ed193f24e221b8e5a9d01b2fea88a av-special-heading-h3  avia-builder-el-2  avia-builder-el-no-sibling '><h3 class='av-special-heading-tag '  itemprop=\"headline\"  >F\u00f6rderungen<\/h3><div class=\"special-heading-border\"><div class=\"special-heading-inner-border\"><\/div><\/div><\/div><\/div>\n<style type=\"text\/css\" data-created_by=\"avia_inline_auto\" id=\"style-css-av-3ay03y-d4e18d57a7ecdfed7de6019277a76032\">\n.flex_column.av-3ay03y-d4e18d57a7ecdfed7de6019277a76032{\nborder-radius:0px 0px 0px 0px;\npadding:0px 0px 0px 0px;\n}\n<\/style>\n<div  class='flex_column av-3ay03y-d4e18d57a7ecdfed7de6019277a76032 av_one_full  avia-builder-el-3  el_after_av_one_full  el_before_av_one_full  first flex_column_div av-zero-column-padding  column-top-margin'     ><section  class='av_textblock_section av-jsz6j2oh-057eead9734a320c51d8eb0bba287520 '   itemscope=\"itemscope\" itemtype=\"https:\/\/schema.org\/CreativeWork\" ><div class='avia_textblock'  itemprop=\"text\" ><p>Die Praxis wird durch Mittel des Europ\u00e4ischen Sozialfonds im Programm Sachsen-Anhalt Weiterbildung Betrieb gef\u00f6rdert. Die F\u00f6rderung besteht aus drei Teilen:<\/p>\n<ul>\n<li style=\"list-style-type: none;\">\n<ol>1. Qualifizierung eines\/er Mitarbeiter\/in zur zertifizierten Abrechnungsmanager\/in. Ziel ist die Schaffung eines neuen Verwaltungsarbeitsplatzes in der Abrechnung der Praxis. Hier werden die gesetzlichen und verwaltungsm\u00e4\u00dfigen Kenntnisse der zahn\u00e4rztlichen Abrechnung erlernt.<\/ol>\n<\/li>\n<li style=\"list-style-type: none;\">\n<ol>2. Teilnahme eines Zahnarztes am Curriculum Implantologie mit Ablegung einer Abschlusspr\u00fcfung. Durch die Qualifizierung wird das Leistungsspektrum der Praxis erweitert und damit zuk\u00fcnftig ein zus\u00e4tzlicher Arbeitsplatz f\u00fcr eine f\u00fcr eine Mitarbeiterin geschaffen.<\/ol>\n<\/li>\n<li style=\"list-style-type: none;\">\n<ol>3. Qualifizierung eines Mitarbeiters zum zertifizierten Praxismanager. Ziel ist die Straffung der Praxisabl\u00e4ufe, die Einf\u00fchrung eines praxisspezifischen QM-Systems, die betriebswirtschaftliche Analyse der Praxisabl\u00e4ufe und die Erarbeitung neuer Marketingstrategien.<\/ol>\n<\/li>\n<\/ul>\n<\/div><\/section><\/div>\n<style type=\"text\/css\" data-created_by=\"avia_inline_auto\" id=\"style-css-av-2dzvu7-f1cfd1fe1298ab19101608844e0b263c\">\n.flex_column.av-2dzvu7-f1cfd1fe1298ab19101608844e0b263c{\nborder-radius:0px 0px 0px 0px;\npadding:0px 0px 0px 0px;\n}\n<\/style>\n<div  class='flex_column av-2dzvu7-f1cfd1fe1298ab19101608844e0b263c av_one_full  avia-builder-el-5  el_after_av_one_full  avia-builder-el-last  first flex_column_div av-zero-column-padding  column-top-margin'     ><style type=\"text\/css\" data-created_by=\"avia_inline_auto\" id=\"style-css-av-l16df4bz-de9e38ec11fb8fbb774b2eb2165083b4\">\n.avia-image-container.av-l16df4bz-de9e38ec11fb8fbb774b2eb2165083b4 img.avia_image{\nbox-shadow:none;\n}\n.avia-image-container.av-l16df4bz-de9e38ec11fb8fbb774b2eb2165083b4 .av-image-caption-overlay-center{\ncolor:#ffffff;\n}\n<\/style>\n<div  class='avia-image-container av-l16df4bz-de9e38ec11fb8fbb774b2eb2165083b4 av-styling- avia-align-center  avia-builder-el-6  avia-builder-el-no-sibling '   itemprop=\"image\" itemscope=\"itemscope\" itemtype=\"https:\/\/schema.org\/ImageObject\" ><div class=\"avia-image-container-inner\"><div class=\"avia-image-overlay-wrap\"><img fetchpriority=\"high\" class='wp-image-1526 avia-img-lazy-loading-not-1526 avia_image ' src='https:\/\/zahn\u00e4rzte-stendal.de\/wp-content\/uploads\/2021\/08\/foerderung_sachsen_anhalt_efre.jpg' alt='' title='foerderung_sachsen_anhalt_efre'  height=\"87\" width=\"372\"  itemprop=\"thumbnailUrl\"  \/><\/div><\/div><\/div><\/div><\/div><\/div><\/main><!-- close content main element --><\/div><\/div><div id='after_section_1'  class='main_color av_default_container_wrap container_wrap sidebar_right'  ><div class='container av-section-cont-open' ><div class='template-page content  av-content-small alpha units'><div class='post-entry post-entry-type-page post-entry-1583'><div class='entry-content-wrapper clearfix'>\n","protected":false},"excerpt":{"rendered":"","protected":false},"author":1,"featured_media":0,"parent":0,"menu_order":998,"comment_status":"closed","ping_status":"closed","template":"","meta":{"footnotes":""},"class_list":["post-1583","page","type-page","status-publish","hentry"],"yoast_head":"<!-- This site is optimized with the Yoast SEO plugin v26.8 - https:\/\/yoast.com\/product\/yoast-seo-wordpress\/ -->\n<title>F\u00f6rderungen - Zahn\u00e4rzte Stendal<\/title>\n<meta name=\"description\" content=\"Ihre pers\u00f6nlichen Daten liegen uns am Herzen und daher nehmen wir den Datenschutz sehr ernst. F\u00fcr weitere Details, lesen Sie unsere Datenschutzerkl\u00e4rung.\" \/>\n<meta name=\"robots\" content=\"index, follow, max-snippet:-1, max-image-preview:large, max-video-preview:-1\" \/>\n<link rel=\"canonical\" href=\"https:\/\/zahn\u00e4rzte-stendal.de\/?page_id=1583\" \/>\n<meta property=\"og:locale\" content=\"de_DE\" \/>\n<meta property=\"og:type\" content=\"article\" \/>\n<meta property=\"og:title\" content=\"F\u00f6rderungen - Zahn\u00e4rzte Stendal\" \/>\n<meta property=\"og:description\" content=\"Ihre pers\u00f6nlichen Daten liegen uns am Herzen und daher nehmen wir den Datenschutz sehr ernst. F\u00fcr weitere Details, lesen Sie unsere Datenschutzerkl\u00e4rung.\" \/>\n<meta property=\"og:url\" content=\"https:\/\/zahn\u00e4rzte-stendal.de\/?page_id=1583\" \/>\n<meta property=\"og:site_name\" content=\"Zahn\u00e4rzte Stendal\" \/>\n<meta property=\"article:modified_time\" content=\"2022-08-24T14:10:13+00:00\" \/>\n<meta name=\"twitter:card\" content=\"summary_large_image\" \/>\n<meta name=\"twitter:label1\" content=\"Gesch\u00e4tzte Lesezeit\" \/>\n\t<meta name=\"twitter:data1\" content=\"4\u00a0Minuten\" \/>\n<script type=\"application\/ld+json\" class=\"yoast-schema-graph\">{\"@context\":\"https:\/\/schema.org\",\"@graph\":[{\"@type\":\"WebPage\",\"@id\":\"https:\/\/zahn\u00e4rzte-stendal.de\/?page_id=1583\",\"url\":\"https:\/\/zahn\u00e4rzte-stendal.de\/?page_id=1583\",\"name\":\"F\u00f6rderungen - Zahn\u00e4rzte Stendal\",\"isPartOf\":{\"@id\":\"https:\/\/zahn\u00e4rzte-stendal.de\/#website\"},\"datePublished\":\"2022-03-25T11:57:36+00:00\",\"dateModified\":\"2022-08-24T14:10:13+00:00\",\"description\":\"Ihre pers\u00f6nlichen Daten liegen uns am Herzen und daher nehmen wir den Datenschutz sehr ernst. F\u00fcr weitere Details, lesen Sie unsere Datenschutzerkl\u00e4rung.\",\"breadcrumb\":{\"@id\":\"https:\/\/zahn\u00e4rzte-stendal.de\/?page_id=1583#breadcrumb\"},\"inLanguage\":\"de\",\"potentialAction\":[{\"@type\":\"ReadAction\",\"target\":[\"https:\/\/zahn\u00e4rzte-stendal.de\/?page_id=1583\"]}]},{\"@type\":\"BreadcrumbList\",\"@id\":\"https:\/\/zahn\u00e4rzte-stendal.de\/?page_id=1583#breadcrumb\",\"itemListElement\":[{\"@type\":\"ListItem\",\"position\":1,\"name\":\"Startseite\",\"item\":\"https:\/\/zahn\u00e4rzte-stendal.de\/?page_id=330\"},{\"@type\":\"ListItem\",\"position\":2,\"name\":\"F\u00f6rderungen\"}]},{\"@type\":\"WebSite\",\"@id\":\"https:\/\/zahn\u00e4rzte-stendal.de\/#website\",\"url\":\"https:\/\/zahn\u00e4rzte-stendal.de\/\",\"name\":\"Zahn\u00e4rzte Stendal\",\"description\":\"Gemeinschaftspraxis DS Mehlkopf und Dr. Michelmann, M.Sc.\",\"publisher\":{\"@id\":\"https:\/\/zahn\u00e4rzte-stendal.de\/#organization\"},\"potentialAction\":[{\"@type\":\"SearchAction\",\"target\":{\"@type\":\"EntryPoint\",\"urlTemplate\":\"https:\/\/zahn\u00e4rzte-stendal.de\/?s={search_term_string}\"},\"query-input\":{\"@type\":\"PropertyValueSpecification\",\"valueRequired\":true,\"valueName\":\"search_term_string\"}}],\"inLanguage\":\"de\"},{\"@type\":\"Organization\",\"@id\":\"https:\/\/zahn\u00e4rzte-stendal.de\/#organization\",\"name\":\"Gemeinschaftspraxis DS Mehlkopf und Dr. Michelmann\",\"url\":\"https:\/\/zahn\u00e4rzte-stendal.de\/\",\"logo\":{\"@type\":\"ImageObject\",\"inLanguage\":\"de\",\"@id\":\"https:\/\/zahn\u00e4rzte-stendal.de\/#\/schema\/logo\/image\/\",\"url\":\"https:\/\/zahn\u00e4rzte-stendal.de\/wp-content\/uploads\/2019\/03\/logo_homepage_2019.png\",\"contentUrl\":\"https:\/\/zahn\u00e4rzte-stendal.de\/wp-content\/uploads\/2019\/03\/logo_homepage_2019.png\",\"width\":600,\"height\":156,\"caption\":\"Gemeinschaftspraxis DS Mehlkopf und Dr. Michelmann\"},\"image\":{\"@id\":\"https:\/\/zahn\u00e4rzte-stendal.de\/#\/schema\/logo\/image\/\"}}]}<\/script>\n<!-- \/ Yoast SEO plugin. -->","yoast_head_json":{"title":"F\u00f6rderungen - Zahn\u00e4rzte Stendal","description":"Ihre pers\u00f6nlichen Daten liegen uns am Herzen und daher nehmen wir den Datenschutz sehr ernst. F\u00fcr weitere Details, lesen Sie unsere Datenschutzerkl\u00e4rung.","robots":{"index":"index","follow":"follow","max-snippet":"max-snippet:-1","max-image-preview":"max-image-preview:large","max-video-preview":"max-video-preview:-1"},"canonical":"https:\/\/zahn\u00e4rzte-stendal.de\/?page_id=1583","og_locale":"de_DE","og_type":"article","og_title":"F\u00f6rderungen - Zahn\u00e4rzte Stendal","og_description":"Ihre pers\u00f6nlichen Daten liegen uns am Herzen und daher nehmen wir den Datenschutz sehr ernst. F\u00fcr weitere Details, lesen Sie unsere Datenschutzerkl\u00e4rung.","og_url":"https:\/\/zahn\u00e4rzte-stendal.de\/?page_id=1583","og_site_name":"Zahn\u00e4rzte Stendal","article_modified_time":"2022-08-24T14:10:13+00:00","twitter_card":"summary_large_image","twitter_misc":{"Gesch\u00e4tzte Lesezeit":"4\u00a0Minuten"},"schema":{"@context":"https:\/\/schema.org","@graph":[{"@type":"WebPage","@id":"https:\/\/zahn\u00e4rzte-stendal.de\/?page_id=1583","url":"https:\/\/zahn\u00e4rzte-stendal.de\/?page_id=1583","name":"F\u00f6rderungen - Zahn\u00e4rzte Stendal","isPartOf":{"@id":"https:\/\/zahn\u00e4rzte-stendal.de\/#website"},"datePublished":"2022-03-25T11:57:36+00:00","dateModified":"2022-08-24T14:10:13+00:00","description":"Ihre pers\u00f6nlichen Daten liegen uns am Herzen und daher nehmen wir den Datenschutz sehr ernst. F\u00fcr weitere Details, lesen Sie unsere Datenschutzerkl\u00e4rung.","breadcrumb":{"@id":"https:\/\/zahn\u00e4rzte-stendal.de\/?page_id=1583#breadcrumb"},"inLanguage":"de","potentialAction":[{"@type":"ReadAction","target":["https:\/\/zahn\u00e4rzte-stendal.de\/?page_id=1583"]}]},{"@type":"BreadcrumbList","@id":"https:\/\/zahn\u00e4rzte-stendal.de\/?page_id=1583#breadcrumb","itemListElement":[{"@type":"ListItem","position":1,"name":"Startseite","item":"https:\/\/zahn\u00e4rzte-stendal.de\/?page_id=330"},{"@type":"ListItem","position":2,"name":"F\u00f6rderungen"}]},{"@type":"WebSite","@id":"https:\/\/zahn\u00e4rzte-stendal.de\/#website","url":"https:\/\/zahn\u00e4rzte-stendal.de\/","name":"Zahn\u00e4rzte Stendal","description":"Gemeinschaftspraxis DS Mehlkopf und Dr. Michelmann, M.Sc.","publisher":{"@id":"https:\/\/zahn\u00e4rzte-stendal.de\/#organization"},"potentialAction":[{"@type":"SearchAction","target":{"@type":"EntryPoint","urlTemplate":"https:\/\/zahn\u00e4rzte-stendal.de\/?s={search_term_string}"},"query-input":{"@type":"PropertyValueSpecification","valueRequired":true,"valueName":"search_term_string"}}],"inLanguage":"de"},{"@type":"Organization","@id":"https:\/\/zahn\u00e4rzte-stendal.de\/#organization","name":"Gemeinschaftspraxis DS Mehlkopf und Dr. Michelmann","url":"https:\/\/zahn\u00e4rzte-stendal.de\/","logo":{"@type":"ImageObject","inLanguage":"de","@id":"https:\/\/zahn\u00e4rzte-stendal.de\/#\/schema\/logo\/image\/","url":"https:\/\/zahn\u00e4rzte-stendal.de\/wp-content\/uploads\/2019\/03\/logo_homepage_2019.png","contentUrl":"https:\/\/zahn\u00e4rzte-stendal.de\/wp-content\/uploads\/2019\/03\/logo_homepage_2019.png","width":600,"height":156,"caption":"Gemeinschaftspraxis DS Mehlkopf und Dr. Michelmann"},"image":{"@id":"https:\/\/zahn\u00e4rzte-stendal.de\/#\/schema\/logo\/image\/"}}]}},"_links":{"self":[{"href":"https:\/\/zahn\u00e4rzte-stendal.de\/index.php?rest_route=\/wp\/v2\/pages\/1583","targetHints":{"allow":["GET"]}}],"collection":[{"href":"https:\/\/zahn\u00e4rzte-stendal.de\/index.php?rest_route=\/wp\/v2\/pages"}],"about":[{"href":"https:\/\/zahn\u00e4rzte-stendal.de\/index.php?rest_route=\/wp\/v2\/types\/page"}],"author":[{"embeddable":true,"href":"https:\/\/zahn\u00e4rzte-stendal.de\/index.php?rest_route=\/wp\/v2\/users\/1"}],"replies":[{"embeddable":true,"href":"https:\/\/zahn\u00e4rzte-stendal.de\/index.php?rest_route=%2Fwp%2Fv2%2Fcomments&post=1583"}],"version-history":[{"count":7,"href":"https:\/\/zahn\u00e4rzte-stendal.de\/index.php?rest_route=\/wp\/v2\/pages\/1583\/revisions"}],"predecessor-version":[{"id":1593,"href":"https:\/\/zahn\u00e4rzte-stendal.de\/index.php?rest_route=\/wp\/v2\/pages\/1583\/revisions\/1593"}],"wp:attachment":[{"href":"https:\/\/zahn\u00e4rzte-stendal.de\/index.php?rest_route=%2Fwp%2Fv2%2Fmedia&parent=1583"}],"curies":[{"name":"wp","href":"https:\/\/api.w.org\/{rel}","templated":true}]}}